{"id":2,"date":"2026-03-27T16:17:23","date_gmt":"2026-03-27T16:17:23","guid":{"rendered":"http:\/\/lesvertsdecosse.org\/?page_id=2"},"modified":"2026-03-27T17:29:11","modified_gmt":"2026-03-27T17:29:11","slug":"conseillers","status":"publish","type":"page","link":"https:\/\/lesvertsdecosse.org\/index.php\/conseillers\/","title":{"rendered":"Conseiller\u00b7es des fran\u00e7ais de l&#8217;\u00e9tranger"},"content":{"rendered":"\n<p>Les conseiller\u00b7es des Fran\u00e7ais\u00b7es de l\u2019\u00e9tranger sont vos repr\u00e9sentant\u00b7es \u00e9lu\u00b7es pour d\u00e9fendre vos int\u00e9r\u00eats au Danemark et faciliter votre vie quotidienne. Voici ce qu\u2019ils\u00b7elles font pour vous.<\/p>\n\n\n\n<p>Consultez la <a href=\"https:\/\/uk.diplomatie.gouv.fr\/fr\/elus-et-representants\">page de l\u2019ambassade de France d\u00e9di\u00e9e \u00e0 vos actuels repr\u00e9sentants locaux<\/a> et les comptes rendus des derniers conseils consulaires, et <a href=\"https:\/\/www.diplomatie.gouv.fr\/fr\/services-aux-francais\/elections-a-l-etranger\/elections-des-conseillers-des-francais-de-l-etranger-et-des-delegues\/\">la page de France Diplomatie d\u00e9di\u00e9e \u00e0 leur r\u00f4le et \u00e0 leur \u00e9lection<\/a>.<\/p>\n\n\n\n<h6 class=\"wp-block-heading\">Leur r\u00f4le : 3 missions cl\u00e9s<\/h6>\n\n\n\n<p>1. Vous repr\u00e9senter<\/p>\n\n\n\n<ul class=\"wp-block-list\">\n<li>Interlocuteur\u00b7rice\u00b7s privil\u00e9gi\u00e9\u00b7e\u00b7s aupr\u00e8s de l\u2019ambassade et du consulat pour porter vos besoins (\u00e9ducation, sant\u00e9, emploi, etc.).<\/li>\n\n\n\n<li>Relais entre vous et les institutions fran\u00e7aises (minist\u00e8res, s\u00e9nat, associations).<\/li>\n<\/ul>\n\n\n\n<p>2. Agir pour vos droits<\/p>\n\n\n\n<ul class=\"wp-block-list\">\n<li>R\u00e9pondre \u00e0 vos questions sur :<br>&gt; Les bourses scolaires (via les Conseils consulaires des bourses).<br>&gt; Les aides sociales (STAFE, allocations).<br>&gt; L\u2019emploi et la formation (acc\u00e8s au march\u00e9 du travail danois, reconnaissance des dipl\u00f4mes).<\/li>\n\n\n\n<li>Faire remonter vos difficult\u00e9s (administratives, sociales) aux autorit\u00e9s.<\/li>\n<\/ul>\n\n\n\n<p>3. Participer \u00e0 la d\u00e9mocratie fran\u00e7aise<\/p>\n\n\n\n<ul class=\"wp-block-list\">\n<li>\u00c9lire les s\u00e9nateur\u00b7rice\u00b7s des Fran\u00e7ais\u00b7es de l\u2019\u00e9tranger (qui votent les lois en France).<\/li>\n\n\n\n<li>Si\u00e9ger \u00e0 l\u2019Assembl\u00e9e des Fran\u00e7ais\u00b7es de l\u2019\u00c9tranger (AFE) pour influencer les politiques publiques.<\/li>\n<\/ul>\n\n\n\n<h6 class=\"wp-block-heading\">Leur mandat : 6 ans pour vous servir<\/h6>\n\n\n\n<ul class=\"wp-block-list\">\n<li><strong>En Ecosse:<\/strong> 3 conseiller\u00b7es sont \u00e9lu\u00b7e\u00b7s pour 2026\u20132032 (mandat de 6 ans).<\/li>\n\n\n\n<li><strong>2 r\u00e9union<\/strong><strong>s<\/strong> par an minimum en Conseil consulaire (pr\u00e9sid\u00e9 par un\u00b7e \u00e9lu\u00b7e \u00e0 partir de 2026). Th\u00e8mes abord\u00e9s : bourses scolaires, subventions associatives (STAFE), emploi, culture.<\/li>\n\n\n\n<li><strong>Une d\u00e9mocratie locale<\/strong><strong> : <\/strong>Les d\u00e9cisions sont prises collectivement pour r\u00e9pondre aux besoins de la communaut\u00e9 fran\u00e7aise en Ecosse.<\/li>\n<\/ul>\n\n\n\n<figure class=\"wp-block-image size-full\"><img decoding=\"async\" src=\"http:\/\/lesvertsdecosse.org\/wp-content\/uploads\/2026\/03\/image-1.png\" alt=\"\" class=\"wp-image-21\" title=\"role-conseillers_des_fde_cle826148\"\/><\/figure>\n\n\n\n<h6 class=\"wp-block-heading\">Que dit la loi ?<\/h6>\n\n\n\n<p>Les missions des conseiller\u00b7es sont encadr\u00e9es par :<\/p>\n\n\n\n<ul class=\"wp-block-list\">\n<li>La <a href=\"https:\/\/www.legifrance.gouv.fr\/loda\/id\/JORFTEXT000027734839\/\">loi n\u00b0 2013-659 du 22 juillet 2013<\/a> : Un conseil consulaire est charg\u00e9 de formuler des avis sur les questions consulaires ou d\u2019int\u00e9r\u00eat g\u00e9n\u00e9ral, notamment culturel, \u00e9ducatif, \u00e9conomique et social, concernant les Fran\u00e7ais \u00e9tablis dans la circonscription.<\/li>\n\n\n\n<li>Le <a href=\"https:\/\/www.legifrance.gouv.fr\/loda\/id\/JORFTEXT000028621562\/\">d\u00e9cret n\u00b0 2014-144 du 18 f\u00e9vrier 2014<\/a> d\u00e9finit leur r\u00f4le dans les Conseils consulaires et \u00e0 l\u2019Assembl\u00e9e des Fran\u00e7ais\u00b7es de l\u2019\u00c9tranger (AFE).<\/li>\n<\/ul>\n\n\n\n<h3 class=\"wp-block-heading\">Comment voter en 2026 ?<\/h3>\n\n\n\n<p><strong>S\u2019inscrire sur la LEC (obligatoire !) :<\/strong><\/p>\n\n\n\n<ul class=\"wp-block-list\">\n<li>D\u00e9lai : Avant le 24 avril 2026 (6 semaines avant le scrutin).<\/li>\n\n\n\n<li>Comment faire ? En ligne sur <a href=\"https:\/\/www.service-public.gouv.fr\/particuliers\/vosdroits\/R16396\">service-public.fr<\/a> ou au <a href=\"https:\/\/dk.ambafrance.org\/Registre-des-Francais-de-l-etranger\">consulat<\/a>.<\/li>\n<\/ul>\n\n\n\n<p><strong>Modalit\u00e9s de vote :<\/strong><\/p>\n\n\n\n<p>Par procuration : <a href=\"mailto:contact@lesvertsdecosse.org\">Contactez-nous par e-mail<\/a> pour trouver un\u00b7e mandataire.<\/p>\n\n\n\n<p>En ligne : Du 21 au 26 mai 2026 (identifiants envoy\u00e9s par email\/SMS \u00e0 toutes celles et ceux qui les ont indiqu\u00e9s sur leur inscription Service Public).<\/p>\n\n\n\n<p>En personne : Le 31 mai 2026 au buureau de vote du consulat d&#8217;Edimbourg<\/p>\n\n\n\n<div class=\"wp-block-group alignwide has-background-color is-content-justification-center is-nowrap is-layout-flex wp-container-core-group-is-layout-9cc9d292 wp-block-group-is-layout-flex\" style=\"margin-top:0;margin-bottom:0;padding-top:var(--wp--preset--spacing--50);padding-right:var(--wp--preset--spacing--30);padding-bottom:var(--wp--preset--spacing--50);padding-left:var(--wp--preset--spacing--30)\">\n<div class=\"wp-block-group alignfull has-small-font-size is-content-justification-space-between is-nowrap is-layout-flex wp-container-core-group-is-layout-cc97c919 wp-block-group-is-layout-flex\">\n<div class=\"wp-block-group wp-container-content-9cfa9a5a is-vertical is-content-justification-center is-layout-flex wp-container-core-group-is-layout-b6c1f246 wp-block-group-is-layout-flex\">\n<p class=\"has-text-align-center has-small-font-size\"><a href=\"contact@lesvertsdecosse.org\" rel=\"nofollow\">Contactez-nous<\/a><\/p>\n\n\n\n<ul class=\"wp-block-social-links has-small-icon-size is-style-logos-only wp-container-content-b0223bd5 is-content-justification-right is-nowrap is-layout-flex wp-container-core-social-links-is-layout-ad1cd33a wp-block-social-links-is-layout-flex\"><li class=\"wp-social-link wp-social-link-instagram  wp-block-social-link\"><a href=\"#lesvertsdecosse\" class=\"wp-block-social-link-anchor\"><svg width=\"24\" height=\"24\" viewBox=\"0 0 24 24\" version=\"1.1\" xmlns=\"http:\/\/www.w3.org\/2000\/svg\" aria-hidden=\"true\" focusable=\"false\"><path d=\"M12,4.622c2.403,0,2.688,0.009,3.637,0.052c0.877,0.04,1.354,0.187,1.671,0.31c0.42,0.163,0.72,0.358,1.035,0.673 c0.315,0.315,0.51,0.615,0.673,1.035c0.123,0.317,0.27,0.794,0.31,1.671c0.043,0.949,0.052,1.234,0.052,3.637 s-0.009,2.688-0.052,3.637c-0.04,0.877-0.187,1.354-0.31,1.671c-0.163,0.42-0.358,0.72-0.673,1.035 c-0.315,0.315-0.615,0.51-1.035,0.673c-0.317,0.123-0.794,0.27-1.671,0.31c-0.949,0.043-1.233,0.052-3.637,0.052 s-2.688-0.009-3.637-0.052c-0.877-0.04-1.354-0.187-1.671-0.31c-0.42-0.163-0.72-0.358-1.035-0.673 c-0.315-0.315-0.51-0.615-0.673-1.035c-0.123-0.317-0.27-0.794-0.31-1.671C4.631,14.688,4.622,14.403,4.622,12 s0.009-2.688,0.052-3.637c0.04-0.877,0.187-1.354,0.31-1.671c0.163-0.42,0.358-0.72,0.673-1.035 c0.315-0.315,0.615-0.51,1.035-0.673c0.317-0.123,0.794-0.27,1.671-0.31C9.312,4.631,9.597,4.622,12,4.622 M12,3 C9.556,3,9.249,3.01,8.289,3.054C7.331,3.098,6.677,3.25,6.105,3.472C5.513,3.702,5.011,4.01,4.511,4.511 c-0.5,0.5-0.808,1.002-1.038,1.594C3.25,6.677,3.098,7.331,3.054,8.289C3.01,9.249,3,9.556,3,12c0,2.444,0.01,2.751,0.054,3.711 c0.044,0.958,0.196,1.612,0.418,2.185c0.23,0.592,0.538,1.094,1.038,1.594c0.5,0.5,1.002,0.808,1.594,1.038 c0.572,0.222,1.227,0.375,2.185,0.418C9.249,20.99,9.556,21,12,21s2.751-0.01,3.711-0.054c0.958-0.044,1.612-0.196,2.185-0.418 c0.592-0.23,1.094-0.538,1.594-1.038c0.5-0.5,0.808-1.002,1.038-1.594c0.222-0.572,0.375-1.227,0.418-2.185 C20.99,14.751,21,14.444,21,12s-0.01-2.751-0.054-3.711c-0.044-0.958-0.196-1.612-0.418-2.185c-0.23-0.592-0.538-1.094-1.038-1.594 c-0.5-0.5-1.002-0.808-1.594-1.038c-0.572-0.222-1.227-0.375-2.185-0.418C14.751,3.01,14.444,3,12,3L12,3z M12,7.378 c-2.552,0-4.622,2.069-4.622,4.622S9.448,16.622,12,16.622s4.622-2.069,4.622-4.622S14.552,7.378,12,7.378z M12,15 c-1.657,0-3-1.343-3-3s1.343-3,3-3s3,1.343,3,3S13.657,15,12,15z M16.804,6.116c-0.596,0-1.08,0.484-1.08,1.08 s0.484,1.08,1.08,1.08c0.596,0,1.08-0.484,1.08-1.08S17.401,6.116,16.804,6.116z\"><\/path><\/svg><span class=\"wp-block-social-link-label screen-reader-text\">Instagram<\/span><\/a><\/li><\/ul>\n<\/div>\n<\/div>\n<\/div>\n","protected":false},"excerpt":{"rendered":"<p>Les conseiller\u00b7es des Fran\u00e7ais\u00b7es de l\u2019\u00e9tranger sont vos repr\u00e9sentant\u00b7es \u00e9lu\u00b7es pour d\u00e9fendre vos int\u00e9r\u00eats au Danemark et faciliter votre vie quotidienne. Voici ce qu\u2019ils\u00b7elles font pour vous. Consultez la page de l\u2019ambassade de France d\u00e9di\u00e9e \u00e0 vos actuels repr\u00e9sentants locaux et les comptes rendus des derniers conseils consulaires, et la page de France Diplomatie d\u00e9di\u00e9e [&hellip;]<\/p>\n","protected":false},"author":1,"featured_media":0,"parent":0,"menu_order":0,"comment_status":"closed","ping_status":"closed","template":"page-no-title","meta":{"footnotes":""},"class_list":["post-2","page","type-page","status-publish","hentry"],"_links":{"self":[{"href":"https:\/\/lesvertsdecosse.org\/index.php\/wp-json\/wp\/v2\/pages\/2","targetHints":{"allow":["GET"]}}],"collection":[{"href":"https:\/\/lesvertsdecosse.org\/index.php\/wp-json\/wp\/v2\/pages"}],"about":[{"href":"https:\/\/lesvertsdecosse.org\/index.php\/wp-json\/wp\/v2\/types\/page"}],"author":[{"embeddable":true,"href":"https:\/\/lesvertsdecosse.org\/index.php\/wp-json\/wp\/v2\/users\/1"}],"replies":[{"embeddable":true,"href":"https:\/\/lesvertsdecosse.org\/index.php\/wp-json\/wp\/v2\/comments?post=2"}],"version-history":[{"count":8,"href":"https:\/\/lesvertsdecosse.org\/index.php\/wp-json\/wp\/v2\/pages\/2\/revisions"}],"predecessor-version":[{"id":47,"href":"https:\/\/lesvertsdecosse.org\/index.php\/wp-json\/wp\/v2\/pages\/2\/revisions\/47"}],"wp:attachment":[{"href":"https:\/\/lesvertsdecosse.org\/index.php\/wp-json\/wp\/v2\/media?parent=2"}],"curies":[{"name":"wp","href":"https:\/\/api.w.org\/{rel}","templated":true}]}}